{"id":8013,"date":"2024-02-22T11:00:57","date_gmt":"2024-02-22T11:00:57","guid":{"rendered":"https:\/\/thenational.se\/?page_id=8013"},"modified":"2026-01-26T13:22:57","modified_gmt":"2026-01-26T13:22:57","slug":"visselblasarfunktion","status":"publish","type":"page","link":"https:\/\/thenational.se\/en\/visselblasarfunktion\/","title":{"rendered":"Visselbl\u00e5sarfunktion"},"content":{"rendered":"","protected":false},"excerpt":{"rendered":"","protected":false},"author":6,"featured_media":8024,"parent":0,"menu_order":0,"comment_status":"closed","ping_status":"closed","template":"","meta":{"_acf_changed":false,"footnotes":""},"class_list":["post-8013","page","type-page","status-publish","has-post-thumbnail","hentry"],"acf":[],"yoast_head":"<!-- This site is optimized with the Yoast SEO plugin v27.2 - https:\/\/yoast.com\/product\/yoast-seo-wordpress\/ -->\n<title>Visselbl\u00e5sarfunktion - The National<\/title>\n<meta name=\"description\" content=\"The National Golf &amp; Resort AB har en visselbl\u00e5sarfunktion i Trust&amp;heart. Visselbl\u00e5sning larmar om olika typer av missf\u00f6rh\u00e5llanden.\" \/>\n<meta name=\"robots\" content=\"index, follow, max-snippet:-1, max-image-preview:large, max-video-preview:-1\" \/>\n<link rel=\"canonical\" href=\"https:\/\/thenational.se\/en\/visselblasarfunktion\/\" \/>\n<meta property=\"og:locale\" content=\"en_US\" \/>\n<meta property=\"og:type\" content=\"article\" \/>\n<meta property=\"og:title\" content=\"Visselbl\u00e5sarfunktion - The National\" \/>\n<meta property=\"og:description\" content=\"The National Golf &amp; Resort AB har en visselbl\u00e5sarfunktion i Trust&amp;heart. Visselbl\u00e5sning larmar om olika typer av missf\u00f6rh\u00e5llanden.\" \/>\n<meta property=\"og:url\" content=\"https:\/\/thenational.se\/en\/visselblasarfunktion\/\" \/>\n<meta property=\"og:site_name\" content=\"The National\" \/>\n<meta property=\"article:publisher\" content=\"https:\/\/www.facebook.com\/thenationalsweden\" \/>\n<meta property=\"article:modified_time\" content=\"2026-01-26T13:22:57+00:00\" \/>\n<meta property=\"og:image\" content=\"https:\/\/thenational.se\/wp-content\/uploads\/2024\/01\/Visselblasar-scaled.jpeg\" \/>\n\t<meta property=\"og:image:width\" content=\"2560\" \/>\n\t<meta property=\"og:image:height\" content=\"1664\" \/>\n\t<meta property=\"og:image:type\" content=\"image\/jpeg\" \/>\n<meta name=\"twitter:card\" content=\"summary_large_image\" \/>\n<meta name=\"twitter:label1\" content=\"Est. reading time\" \/>\n\t<meta name=\"twitter:data1\" content=\"8 minutes\" \/>\n<script type=\"application\/ld+json\" class=\"yoast-schema-graph\">{\"@context\":\"https:\/\/schema.org\",\"@graph\":[{\"@type\":\"WebPage\",\"@id\":\"https:\/\/thenational.se\/en\/visselblasarfunktion\/\",\"url\":\"https:\/\/thenational.se\/en\/visselblasarfunktion\/\",\"name\":\"Visselbl\u00e5sarfunktion - The National\",\"isPartOf\":{\"@id\":\"https:\/\/thenational.se\/#website\"},\"primaryImageOfPage\":{\"@id\":\"https:\/\/thenational.se\/en\/visselblasarfunktion\/#primaryimage\"},\"image\":{\"@id\":\"https:\/\/thenational.se\/en\/visselblasarfunktion\/#primaryimage\"},\"thumbnailUrl\":\"https:\/\/thenational.se\/wp-content\/uploads\/2024\/01\/Visselblasar-scaled.jpeg\",\"datePublished\":\"2024-02-22T11:00:57+00:00\",\"dateModified\":\"2026-01-26T13:22:57+00:00\",\"description\":\"The National Golf & Resort AB har en visselbl\u00e5sarfunktion i Trust&heart. Visselbl\u00e5sning larmar om olika typer av missf\u00f6rh\u00e5llanden.\",\"breadcrumb\":{\"@id\":\"https:\/\/thenational.se\/en\/visselblasarfunktion\/#breadcrumb\"},\"inLanguage\":\"en-US\",\"potentialAction\":[{\"@type\":\"ReadAction\",\"target\":[\"https:\/\/thenational.se\/en\/visselblasarfunktion\/\"]}]},{\"@type\":\"ImageObject\",\"inLanguage\":\"en-US\",\"@id\":\"https:\/\/thenational.se\/en\/visselblasarfunktion\/#primaryimage\",\"url\":\"https:\/\/thenational.se\/wp-content\/uploads\/2024\/01\/Visselblasar-scaled.jpeg\",\"contentUrl\":\"https:\/\/thenational.se\/wp-content\/uploads\/2024\/01\/Visselblasar-scaled.jpeg\",\"width\":2560,\"height\":1664},{\"@type\":\"BreadcrumbList\",\"@id\":\"https:\/\/thenational.se\/en\/visselblasarfunktion\/#breadcrumb\",\"itemListElement\":[{\"@type\":\"ListItem\",\"position\":1,\"name\":\"Home\",\"item\":\"https:\/\/thenational.se\/en\/\"},{\"@type\":\"ListItem\",\"position\":2,\"name\":\"Visselbl\u00e5sarfunktion\"}]},{\"@type\":\"WebSite\",\"@id\":\"https:\/\/thenational.se\/#website\",\"url\":\"https:\/\/thenational.se\/\",\"name\":\"The National\",\"description\":\"Oslagbara m\u00f6ten\",\"publisher\":{\"@id\":\"https:\/\/thenational.se\/#organization\"},\"potentialAction\":[{\"@type\":\"SearchAction\",\"target\":{\"@type\":\"EntryPoint\",\"urlTemplate\":\"https:\/\/thenational.se\/?s={search_term_string}\"},\"query-input\":{\"@type\":\"PropertyValueSpecification\",\"valueRequired\":true,\"valueName\":\"search_term_string\"}}],\"inLanguage\":\"en-US\"},{\"@type\":\"Organization\",\"@id\":\"https:\/\/thenational.se\/#organization\",\"name\":\"The National\",\"url\":\"https:\/\/thenational.se\/\",\"logo\":{\"@type\":\"ImageObject\",\"inLanguage\":\"en-US\",\"@id\":\"https:\/\/thenational.se\/#\/schema\/logo\/image\/\",\"url\":\"https:\/\/thenational.se\/wp-content\/uploads\/2023\/03\/cropped-The-national_emblem_guld.png\",\"contentUrl\":\"https:\/\/thenational.se\/wp-content\/uploads\/2023\/03\/cropped-The-national_emblem_guld.png\",\"width\":512,\"height\":512,\"caption\":\"The National\"},\"image\":{\"@id\":\"https:\/\/thenational.se\/#\/schema\/logo\/image\/\"},\"sameAs\":[\"https:\/\/www.facebook.com\/thenationalsweden\",\"https:\/\/www.instagram.com\/thenationalsweden\/\",\"https:\/\/www.linkedin.com\/company\/thenationalsweden\/\",\"https:\/\/www.youtube.com\/@The.National\",\"https:\/\/g.page\/r\/CcRghQsSElkNEBM\/\"]}]}<\/script>\n<!-- \/ Yoast SEO plugin. -->","yoast_head_json":{"title":"Visselbl\u00e5sarfunktion - The National","description":"The National Golf & Resort AB har en visselbl\u00e5sarfunktion i Trust&heart. Visselbl\u00e5sning larmar om olika typer av missf\u00f6rh\u00e5llanden.","robots":{"index":"index","follow":"follow","max-snippet":"max-snippet:-1","max-image-preview":"max-image-preview:large","max-video-preview":"max-video-preview:-1"},"canonical":"https:\/\/thenational.se\/en\/visselblasarfunktion\/","og_locale":"en_US","og_type":"article","og_title":"Visselbl\u00e5sarfunktion - The National","og_description":"The National Golf & Resort AB har en visselbl\u00e5sarfunktion i Trust&heart. Visselbl\u00e5sning larmar om olika typer av missf\u00f6rh\u00e5llanden.","og_url":"https:\/\/thenational.se\/en\/visselblasarfunktion\/","og_site_name":"The National","article_publisher":"https:\/\/www.facebook.com\/thenationalsweden","article_modified_time":"2026-01-26T13:22:57+00:00","og_image":[{"width":2560,"height":1664,"url":"https:\/\/thenational.se\/wp-content\/uploads\/2024\/01\/Visselblasar-scaled.jpeg","type":"image\/jpeg"}],"twitter_card":"summary_large_image","twitter_misc":{"Est. reading time":"8 minutes"},"schema":{"@context":"https:\/\/schema.org","@graph":[{"@type":"WebPage","@id":"https:\/\/thenational.se\/en\/visselblasarfunktion\/","url":"https:\/\/thenational.se\/en\/visselblasarfunktion\/","name":"Visselbl\u00e5sarfunktion - The National","isPartOf":{"@id":"https:\/\/thenational.se\/#website"},"primaryImageOfPage":{"@id":"https:\/\/thenational.se\/en\/visselblasarfunktion\/#primaryimage"},"image":{"@id":"https:\/\/thenational.se\/en\/visselblasarfunktion\/#primaryimage"},"thumbnailUrl":"https:\/\/thenational.se\/wp-content\/uploads\/2024\/01\/Visselblasar-scaled.jpeg","datePublished":"2024-02-22T11:00:57+00:00","dateModified":"2026-01-26T13:22:57+00:00","description":"The National Golf & Resort AB har en visselbl\u00e5sarfunktion i Trust&heart. Visselbl\u00e5sning larmar om olika typer av missf\u00f6rh\u00e5llanden.","breadcrumb":{"@id":"https:\/\/thenational.se\/en\/visselblasarfunktion\/#breadcrumb"},"inLanguage":"en-US","potentialAction":[{"@type":"ReadAction","target":["https:\/\/thenational.se\/en\/visselblasarfunktion\/"]}]},{"@type":"ImageObject","inLanguage":"en-US","@id":"https:\/\/thenational.se\/en\/visselblasarfunktion\/#primaryimage","url":"https:\/\/thenational.se\/wp-content\/uploads\/2024\/01\/Visselblasar-scaled.jpeg","contentUrl":"https:\/\/thenational.se\/wp-content\/uploads\/2024\/01\/Visselblasar-scaled.jpeg","width":2560,"height":1664},{"@type":"BreadcrumbList","@id":"https:\/\/thenational.se\/en\/visselblasarfunktion\/#breadcrumb","itemListElement":[{"@type":"ListItem","position":1,"name":"Home","item":"https:\/\/thenational.se\/en\/"},{"@type":"ListItem","position":2,"name":"Visselbl\u00e5sarfunktion"}]},{"@type":"WebSite","@id":"https:\/\/thenational.se\/#website","url":"https:\/\/thenational.se\/","name":"The National","description":"Oslagbara m\u00f6ten","publisher":{"@id":"https:\/\/thenational.se\/#organization"},"potentialAction":[{"@type":"SearchAction","target":{"@type":"EntryPoint","urlTemplate":"https:\/\/thenational.se\/?s={search_term_string}"},"query-input":{"@type":"PropertyValueSpecification","valueRequired":true,"valueName":"search_term_string"}}],"inLanguage":"en-US"},{"@type":"Organization","@id":"https:\/\/thenational.se\/#organization","name":"The National","url":"https:\/\/thenational.se\/","logo":{"@type":"ImageObject","inLanguage":"en-US","@id":"https:\/\/thenational.se\/#\/schema\/logo\/image\/","url":"https:\/\/thenational.se\/wp-content\/uploads\/2023\/03\/cropped-The-national_emblem_guld.png","contentUrl":"https:\/\/thenational.se\/wp-content\/uploads\/2023\/03\/cropped-The-national_emblem_guld.png","width":512,"height":512,"caption":"The National"},"image":{"@id":"https:\/\/thenational.se\/#\/schema\/logo\/image\/"},"sameAs":["https:\/\/www.facebook.com\/thenationalsweden","https:\/\/www.instagram.com\/thenationalsweden\/","https:\/\/www.linkedin.com\/company\/thenationalsweden\/","https:\/\/www.youtube.com\/@The.National","https:\/\/g.page\/r\/CcRghQsSElkNEBM\/"]}]}},"_links":{"self":[{"href":"https:\/\/thenational.se\/en\/wp-json\/wp\/v2\/pages\/8013","targetHints":{"allow":["GET"]}}],"collection":[{"href":"https:\/\/thenational.se\/en\/wp-json\/wp\/v2\/pages"}],"about":[{"href":"https:\/\/thenational.se\/en\/wp-json\/wp\/v2\/types\/page"}],"author":[{"embeddable":true,"href":"https:\/\/thenational.se\/en\/wp-json\/wp\/v2\/users\/6"}],"replies":[{"embeddable":true,"href":"https:\/\/thenational.se\/en\/wp-json\/wp\/v2\/comments?post=8013"}],"version-history":[{"count":17,"href":"https:\/\/thenational.se\/en\/wp-json\/wp\/v2\/pages\/8013\/revisions"}],"predecessor-version":[{"id":13458,"href":"https:\/\/thenational.se\/en\/wp-json\/wp\/v2\/pages\/8013\/revisions\/13458"}],"wp:featuredmedia":[{"embeddable":true,"href":"https:\/\/thenational.se\/en\/wp-json\/wp\/v2\/media\/8024"}],"wp:attachment":[{"href":"https:\/\/thenational.se\/en\/wp-json\/wp\/v2\/media?parent=8013"}],"curies":[{"name":"wp","href":"https:\/\/api.w.org\/{rel}","templated":true}]}}