{"id":2356,"date":"2021-10-25T07:09:24","date_gmt":"2021-10-25T07:09:24","guid":{"rendered":"https:\/\/thenational.se\/junior-i-16-21ar\/"},"modified":"2026-03-03T09:55:05","modified_gmt":"2026-03-03T09:55:05","slug":"junior-i","status":"publish","type":"page","link":"https:\/\/thenational.se\/en\/medlemskap\/junior-i\/","title":{"rendered":"Junior I 16-21 years"},"content":{"rendered":"","protected":false},"excerpt":{"rendered":"","protected":false},"author":6,"featured_media":10395,"parent":2196,"menu_order":5,"comment_status":"closed","ping_status":"closed","template":"","meta":{"_acf_changed":false,"footnotes":""},"class_list":["post-2356","page","type-page","status-publish","has-post-thumbnail","hentry"],"acf":[],"yoast_head":"<!-- This site is optimized with the Yoast SEO plugin v27.2 - https:\/\/yoast.com\/product\/yoast-seo-wordpress\/ -->\n<title>Junior I 16-21 years - The National<\/title>\n<meta name=\"description\" content=\"Become a junior member (16-21 years) at The National and get free training. Easy application and a great golf experience for young golfers.\" \/>\n<meta name=\"robots\" content=\"index, follow, max-snippet:-1, max-image-preview:large, max-video-preview:-1\" \/>\n<link rel=\"canonical\" href=\"https:\/\/thenational.se\/en\/medlemskap\/junior-i\/\" \/>\n<meta property=\"og:locale\" content=\"en_US\" \/>\n<meta property=\"og:type\" content=\"article\" \/>\n<meta property=\"og:title\" content=\"Junior I 16-21 years - The National\" \/>\n<meta property=\"og:description\" content=\"Become a junior member (16-21 years) at The National and get free training. Easy application and a great golf experience for young golfers.\" \/>\n<meta property=\"og:url\" content=\"https:\/\/thenational.se\/en\/medlemskap\/junior-i\/\" \/>\n<meta property=\"og:site_name\" content=\"The National\" \/>\n<meta property=\"article:publisher\" content=\"https:\/\/www.facebook.com\/thenationalsweden\" \/>\n<meta property=\"article:modified_time\" content=\"2026-03-03T09:55:05+00:00\" \/>\n<meta property=\"og:image\" content=\"https:\/\/thenational.se\/wp-content\/uploads\/2024\/11\/junior-1080x1080-1.jpg\" \/>\n\t<meta property=\"og:image:width\" content=\"1080\" \/>\n\t<meta property=\"og:image:height\" content=\"1080\" \/>\n\t<meta property=\"og:image:type\" content=\"image\/jpeg\" \/>\n<meta name=\"twitter:card\" content=\"summary_large_image\" \/>\n<meta name=\"twitter:label1\" content=\"Est. reading time\" \/>\n\t<meta name=\"twitter:data1\" content=\"2 minutes\" \/>\n<script type=\"application\/ld+json\" class=\"yoast-schema-graph\">{\"@context\":\"https:\/\/schema.org\",\"@graph\":[{\"@type\":\"WebPage\",\"@id\":\"https:\/\/thenational.se\/en\/medlemskap\/junior-i\/\",\"url\":\"https:\/\/thenational.se\/en\/medlemskap\/junior-i\/\",\"name\":\"Junior I 16-21 years - The National\",\"isPartOf\":{\"@id\":\"https:\/\/thenational.se\/#website\"},\"primaryImageOfPage\":{\"@id\":\"https:\/\/thenational.se\/en\/medlemskap\/junior-i\/#primaryimage\"},\"image\":{\"@id\":\"https:\/\/thenational.se\/en\/medlemskap\/junior-i\/#primaryimage\"},\"thumbnailUrl\":\"https:\/\/thenational.se\/wp-content\/uploads\/2024\/11\/junior-1080x1080-1.jpg\",\"datePublished\":\"2021-10-25T07:09:24+00:00\",\"dateModified\":\"2026-03-03T09:55:05+00:00\",\"description\":\"Become a junior member (16-21 years) at The National and get free training. Easy application and a great golf experience for young golfers.\",\"breadcrumb\":{\"@id\":\"https:\/\/thenational.se\/en\/medlemskap\/junior-i\/#breadcrumb\"},\"inLanguage\":\"en-US\",\"potentialAction\":[{\"@type\":\"ReadAction\",\"target\":[\"https:\/\/thenational.se\/en\/medlemskap\/junior-i\/\"]}]},{\"@type\":\"ImageObject\",\"inLanguage\":\"en-US\",\"@id\":\"https:\/\/thenational.se\/en\/medlemskap\/junior-i\/#primaryimage\",\"url\":\"https:\/\/thenational.se\/wp-content\/uploads\/2024\/11\/junior-1080x1080-1.jpg\",\"contentUrl\":\"https:\/\/thenational.se\/wp-content\/uploads\/2024\/11\/junior-1080x1080-1.jpg\",\"width\":1080,\"height\":1080,\"caption\":\"Golfmedlemmar b\u00e4r Titleist och Taylormade -golfbagar p\u00e5 v\u00e4g ut mot banan \u2013 redo f\u00f6r en dag med spel p\u00e5 The National\"},{\"@type\":\"BreadcrumbList\",\"@id\":\"https:\/\/thenational.se\/en\/medlemskap\/junior-i\/#breadcrumb\",\"itemListElement\":[{\"@type\":\"ListItem\",\"position\":1,\"name\":\"Home\",\"item\":\"https:\/\/thenational.se\/en\/\"},{\"@type\":\"ListItem\",\"position\":2,\"name\":\"Membership\",\"item\":\"https:\/\/thenational.se\/en\/medlemskap\/\"},{\"@type\":\"ListItem\",\"position\":3,\"name\":\"Junior I 16-21 years\"}]},{\"@type\":\"WebSite\",\"@id\":\"https:\/\/thenational.se\/#website\",\"url\":\"https:\/\/thenational.se\/\",\"name\":\"The National\",\"description\":\"Oslagbara m\u00f6ten\",\"publisher\":{\"@id\":\"https:\/\/thenational.se\/#organization\"},\"potentialAction\":[{\"@type\":\"SearchAction\",\"target\":{\"@type\":\"EntryPoint\",\"urlTemplate\":\"https:\/\/thenational.se\/?s={search_term_string}\"},\"query-input\":{\"@type\":\"PropertyValueSpecification\",\"valueRequired\":true,\"valueName\":\"search_term_string\"}}],\"inLanguage\":\"en-US\"},{\"@type\":\"Organization\",\"@id\":\"https:\/\/thenational.se\/#organization\",\"name\":\"The National\",\"url\":\"https:\/\/thenational.se\/\",\"logo\":{\"@type\":\"ImageObject\",\"inLanguage\":\"en-US\",\"@id\":\"https:\/\/thenational.se\/#\/schema\/logo\/image\/\",\"url\":\"https:\/\/thenational.se\/wp-content\/uploads\/2023\/03\/cropped-The-national_emblem_guld.png\",\"contentUrl\":\"https:\/\/thenational.se\/wp-content\/uploads\/2023\/03\/cropped-The-national_emblem_guld.png\",\"width\":512,\"height\":512,\"caption\":\"The National\"},\"image\":{\"@id\":\"https:\/\/thenational.se\/#\/schema\/logo\/image\/\"},\"sameAs\":[\"https:\/\/www.facebook.com\/thenationalsweden\",\"https:\/\/www.instagram.com\/thenationalsweden\/\",\"https:\/\/www.linkedin.com\/company\/thenationalsweden\/\",\"https:\/\/www.youtube.com\/@The.National\",\"https:\/\/g.page\/r\/CcRghQsSElkNEBM\/\"]}]}<\/script>\n<!-- \/ Yoast SEO plugin. -->","yoast_head_json":{"title":"Junior I 16-21 years - The National","description":"Become a junior member (16-21 years) at The National and get free training. Easy application and a great golf experience for young golfers.","robots":{"index":"index","follow":"follow","max-snippet":"max-snippet:-1","max-image-preview":"max-image-preview:large","max-video-preview":"max-video-preview:-1"},"canonical":"https:\/\/thenational.se\/en\/medlemskap\/junior-i\/","og_locale":"en_US","og_type":"article","og_title":"Junior I 16-21 years - The National","og_description":"Become a junior member (16-21 years) at The National and get free training. Easy application and a great golf experience for young golfers.","og_url":"https:\/\/thenational.se\/en\/medlemskap\/junior-i\/","og_site_name":"The National","article_publisher":"https:\/\/www.facebook.com\/thenationalsweden","article_modified_time":"2026-03-03T09:55:05+00:00","og_image":[{"width":1080,"height":1080,"url":"https:\/\/thenational.se\/wp-content\/uploads\/2024\/11\/junior-1080x1080-1.jpg","type":"image\/jpeg"}],"twitter_card":"summary_large_image","twitter_misc":{"Est. reading time":"2 minutes"},"schema":{"@context":"https:\/\/schema.org","@graph":[{"@type":"WebPage","@id":"https:\/\/thenational.se\/en\/medlemskap\/junior-i\/","url":"https:\/\/thenational.se\/en\/medlemskap\/junior-i\/","name":"Junior I 16-21 years - The National","isPartOf":{"@id":"https:\/\/thenational.se\/#website"},"primaryImageOfPage":{"@id":"https:\/\/thenational.se\/en\/medlemskap\/junior-i\/#primaryimage"},"image":{"@id":"https:\/\/thenational.se\/en\/medlemskap\/junior-i\/#primaryimage"},"thumbnailUrl":"https:\/\/thenational.se\/wp-content\/uploads\/2024\/11\/junior-1080x1080-1.jpg","datePublished":"2021-10-25T07:09:24+00:00","dateModified":"2026-03-03T09:55:05+00:00","description":"Become a junior member (16-21 years) at The National and get free training. Easy application and a great golf experience for young golfers.","breadcrumb":{"@id":"https:\/\/thenational.se\/en\/medlemskap\/junior-i\/#breadcrumb"},"inLanguage":"en-US","potentialAction":[{"@type":"ReadAction","target":["https:\/\/thenational.se\/en\/medlemskap\/junior-i\/"]}]},{"@type":"ImageObject","inLanguage":"en-US","@id":"https:\/\/thenational.se\/en\/medlemskap\/junior-i\/#primaryimage","url":"https:\/\/thenational.se\/wp-content\/uploads\/2024\/11\/junior-1080x1080-1.jpg","contentUrl":"https:\/\/thenational.se\/wp-content\/uploads\/2024\/11\/junior-1080x1080-1.jpg","width":1080,"height":1080,"caption":"Golfmedlemmar b\u00e4r Titleist och Taylormade -golfbagar p\u00e5 v\u00e4g ut mot banan \u2013 redo f\u00f6r en dag med spel p\u00e5 The National"},{"@type":"BreadcrumbList","@id":"https:\/\/thenational.se\/en\/medlemskap\/junior-i\/#breadcrumb","itemListElement":[{"@type":"ListItem","position":1,"name":"Home","item":"https:\/\/thenational.se\/en\/"},{"@type":"ListItem","position":2,"name":"Membership","item":"https:\/\/thenational.se\/en\/medlemskap\/"},{"@type":"ListItem","position":3,"name":"Junior I 16-21 years"}]},{"@type":"WebSite","@id":"https:\/\/thenational.se\/#website","url":"https:\/\/thenational.se\/","name":"The National","description":"Oslagbara m\u00f6ten","publisher":{"@id":"https:\/\/thenational.se\/#organization"},"potentialAction":[{"@type":"SearchAction","target":{"@type":"EntryPoint","urlTemplate":"https:\/\/thenational.se\/?s={search_term_string}"},"query-input":{"@type":"PropertyValueSpecification","valueRequired":true,"valueName":"search_term_string"}}],"inLanguage":"en-US"},{"@type":"Organization","@id":"https:\/\/thenational.se\/#organization","name":"The National","url":"https:\/\/thenational.se\/","logo":{"@type":"ImageObject","inLanguage":"en-US","@id":"https:\/\/thenational.se\/#\/schema\/logo\/image\/","url":"https:\/\/thenational.se\/wp-content\/uploads\/2023\/03\/cropped-The-national_emblem_guld.png","contentUrl":"https:\/\/thenational.se\/wp-content\/uploads\/2023\/03\/cropped-The-national_emblem_guld.png","width":512,"height":512,"caption":"The National"},"image":{"@id":"https:\/\/thenational.se\/#\/schema\/logo\/image\/"},"sameAs":["https:\/\/www.facebook.com\/thenationalsweden","https:\/\/www.instagram.com\/thenationalsweden\/","https:\/\/www.linkedin.com\/company\/thenationalsweden\/","https:\/\/www.youtube.com\/@The.National","https:\/\/g.page\/r\/CcRghQsSElkNEBM\/"]}]}},"_links":{"self":[{"href":"https:\/\/thenational.se\/en\/wp-json\/wp\/v2\/pages\/2356","targetHints":{"allow":["GET"]}}],"collection":[{"href":"https:\/\/thenational.se\/en\/wp-json\/wp\/v2\/pages"}],"about":[{"href":"https:\/\/thenational.se\/en\/wp-json\/wp\/v2\/types\/page"}],"author":[{"embeddable":true,"href":"https:\/\/thenational.se\/en\/wp-json\/wp\/v2\/users\/6"}],"replies":[{"embeddable":true,"href":"https:\/\/thenational.se\/en\/wp-json\/wp\/v2\/comments?post=2356"}],"version-history":[{"count":15,"href":"https:\/\/thenational.se\/en\/wp-json\/wp\/v2\/pages\/2356\/revisions"}],"predecessor-version":[{"id":13793,"href":"https:\/\/thenational.se\/en\/wp-json\/wp\/v2\/pages\/2356\/revisions\/13793"}],"up":[{"embeddable":true,"href":"https:\/\/thenational.se\/en\/wp-json\/wp\/v2\/pages\/2196"}],"wp:featuredmedia":[{"embeddable":true,"href":"https:\/\/thenational.se\/en\/wp-json\/wp\/v2\/media\/10395"}],"wp:attachment":[{"href":"https:\/\/thenational.se\/en\/wp-json\/wp\/v2\/media?parent=2356"}],"curies":[{"name":"wp","href":"https:\/\/api.w.org\/{rel}","templated":true}]}}